{"id":1484,"date":"2022-10-31T13:37:10","date_gmt":"2022-10-31T11:37:10","guid":{"rendered":"https:\/\/ecowec.com\/etusivu\/"},"modified":"2025-07-14T12:57:00","modified_gmt":"2025-07-14T09:57:00","slug":"etusivu","status":"publish","type":"page","link":"https:\/\/ecowec.com\/en\/","title":{"rendered":"Home"},"content":{"rendered":"","protected":false},"excerpt":{"rendered":"","protected":false},"author":1,"featured_media":0,"parent":0,"menu_order":8,"comment_status":"closed","ping_status":"closed","template":"","meta":{"_acf_changed":false,"footnotes":""},"class_list":["post-1484","page","type-page","status-publish","hentry"],"acf":[],"yoast_head":"<!-- This site is optimized with the Yoast SEO Premium plugin v25.4 (Yoast SEO v25.4) - https:\/\/yoast.com\/wordpress\/plugins\/seo\/ -->\n<title>Ecowec Hybrid Exchanger - Wastewater heat recovery products<\/title>\n<meta name=\"description\" content=\"Ecowec hybrid heat exchanger. Maintenance free heat exchanger for wastewater heat recovery for appartment buildings and industry.\" \/>\n<meta name=\"robots\" content=\"index, follow, max-snippet:-1, max-image-preview:large, max-video-preview:-1\" \/>\n<link rel=\"canonical\" href=\"https:\/\/ecowec.com\/en\/\" \/>\n<meta property=\"og:locale\" content=\"en_US\" \/>\n<meta property=\"og:type\" content=\"article\" \/>\n<meta property=\"og:title\" content=\"Home\" \/>\n<meta property=\"og:description\" content=\"Ecowec hybrid heat exchanger. Maintenance free heat exchanger for wastewater heat recovery for appartment buildings and industry.\" \/>\n<meta property=\"og:url\" content=\"https:\/\/ecowec.com\/en\/\" \/>\n<meta property=\"og:site_name\" content=\"Ecowec\" \/>\n<meta property=\"article:modified_time\" content=\"2025-07-14T09:57:00+00:00\" \/>\n<meta name=\"twitter:card\" content=\"summary_large_image\" \/>\n<meta name=\"twitter:label1\" content=\"Est. reading time\" \/>\n\t<meta name=\"twitter:data1\" content=\"6 minutes\" \/>\n<script type=\"application\/ld+json\" class=\"yoast-schema-graph\">{\"@context\":\"https:\/\/schema.org\",\"@graph\":[{\"@type\":\"WebPage\",\"@id\":\"https:\/\/ecowec.com\/en\/\",\"url\":\"https:\/\/ecowec.com\/en\/\",\"name\":\"Ecowec Hybrid Exchanger - Wastewater heat recovery products\",\"isPartOf\":{\"@id\":\"https:\/\/ecowec.com\/en\/#website\"},\"datePublished\":\"2022-10-31T11:37:10+00:00\",\"dateModified\":\"2025-07-14T09:57:00+00:00\",\"description\":\"Ecowec hybrid heat exchanger. Maintenance free heat exchanger for wastewater heat recovery for appartment buildings and industry.\",\"breadcrumb\":{\"@id\":\"https:\/\/ecowec.com\/en\/#breadcrumb\"},\"inLanguage\":\"en-US\",\"potentialAction\":[{\"@type\":\"ReadAction\",\"target\":[\"https:\/\/ecowec.com\/en\/\"]}]},{\"@type\":\"BreadcrumbList\",\"@id\":\"https:\/\/ecowec.com\/en\/#breadcrumb\",\"itemListElement\":[{\"@type\":\"ListItem\",\"position\":1,\"name\":\"Etusivu\",\"item\":\"https:\/\/ecowec.com\/en\/\"},{\"@type\":\"ListItem\",\"position\":2,\"name\":\"Home\"}]},{\"@type\":\"WebSite\",\"@id\":\"https:\/\/ecowec.com\/en\/#website\",\"url\":\"https:\/\/ecowec.com\/en\/\",\"name\":\"Ecowec\",\"description\":\"Kotimainen ymp\u00e4rist\u00f6teknologia-alan edell\u00e4k\u00e4vij\u00e4.\",\"potentialAction\":[{\"@type\":\"SearchAction\",\"target\":{\"@type\":\"EntryPoint\",\"urlTemplate\":\"https:\/\/ecowec.com\/en\/?s={search_term_string}\"},\"query-input\":{\"@type\":\"PropertyValueSpecification\",\"valueRequired\":true,\"valueName\":\"search_term_string\"}}],\"inLanguage\":\"en-US\"}]}<\/script>\n<!-- \/ Yoast SEO Premium plugin. -->","yoast_head_json":{"title":"Ecowec Hybrid Exchanger - Wastewater heat recovery products","description":"Ecowec hybrid heat exchanger. Maintenance free heat exchanger for wastewater heat recovery for appartment buildings and industry.","robots":{"index":"index","follow":"follow","max-snippet":"max-snippet:-1","max-image-preview":"max-image-preview:large","max-video-preview":"max-video-preview:-1"},"canonical":"https:\/\/ecowec.com\/en\/","og_locale":"en_US","og_type":"article","og_title":"Home","og_description":"Ecowec hybrid heat exchanger. Maintenance free heat exchanger for wastewater heat recovery for appartment buildings and industry.","og_url":"https:\/\/ecowec.com\/en\/","og_site_name":"Ecowec","article_modified_time":"2025-07-14T09:57:00+00:00","twitter_card":"summary_large_image","twitter_misc":{"Est. reading time":"6 minutes"},"schema":{"@context":"https:\/\/schema.org","@graph":[{"@type":"WebPage","@id":"https:\/\/ecowec.com\/en\/","url":"https:\/\/ecowec.com\/en\/","name":"Ecowec Hybrid Exchanger - Wastewater heat recovery products","isPartOf":{"@id":"https:\/\/ecowec.com\/en\/#website"},"datePublished":"2022-10-31T11:37:10+00:00","dateModified":"2025-07-14T09:57:00+00:00","description":"Ecowec hybrid heat exchanger. Maintenance free heat exchanger for wastewater heat recovery for appartment buildings and industry.","breadcrumb":{"@id":"https:\/\/ecowec.com\/en\/#breadcrumb"},"inLanguage":"en-US","potentialAction":[{"@type":"ReadAction","target":["https:\/\/ecowec.com\/en\/"]}]},{"@type":"BreadcrumbList","@id":"https:\/\/ecowec.com\/en\/#breadcrumb","itemListElement":[{"@type":"ListItem","position":1,"name":"Etusivu","item":"https:\/\/ecowec.com\/en\/"},{"@type":"ListItem","position":2,"name":"Home"}]},{"@type":"WebSite","@id":"https:\/\/ecowec.com\/en\/#website","url":"https:\/\/ecowec.com\/en\/","name":"Ecowec","description":"Kotimainen ymp\u00e4rist\u00f6teknologia-alan edell\u00e4k\u00e4vij\u00e4.","potentialAction":[{"@type":"SearchAction","target":{"@type":"EntryPoint","urlTemplate":"https:\/\/ecowec.com\/en\/?s={search_term_string}"},"query-input":{"@type":"PropertyValueSpecification","valueRequired":true,"valueName":"search_term_string"}}],"inLanguage":"en-US"}]}},"_links":{"self":[{"href":"https:\/\/ecowec.com\/en\/wp-json\/wp\/v2\/pages\/1484","targetHints":{"allow":["GET"]}}],"collection":[{"href":"https:\/\/ecowec.com\/en\/wp-json\/wp\/v2\/pages"}],"about":[{"href":"https:\/\/ecowec.com\/en\/wp-json\/wp\/v2\/types\/page"}],"author":[{"embeddable":true,"href":"https:\/\/ecowec.com\/en\/wp-json\/wp\/v2\/users\/1"}],"replies":[{"embeddable":true,"href":"https:\/\/ecowec.com\/en\/wp-json\/wp\/v2\/comments?post=1484"}],"version-history":[{"count":76,"href":"https:\/\/ecowec.com\/en\/wp-json\/wp\/v2\/pages\/1484\/revisions"}],"predecessor-version":[{"id":3462,"href":"https:\/\/ecowec.com\/en\/wp-json\/wp\/v2\/pages\/1484\/revisions\/3462"}],"wp:attachment":[{"href":"https:\/\/ecowec.com\/en\/wp-json\/wp\/v2\/media?parent=1484"}],"curies":[{"name":"wp","href":"https:\/\/api.w.org\/{rel}","templated":true}]}}